{"id":22,"date":"2026-01-21T17:51:46","date_gmt":"2026-01-21T17:51:46","guid":{"rendered":"https:\/\/enfusionbusinessclub.com\/?page_id=22"},"modified":"2026-03-02T12:26:03","modified_gmt":"2026-03-02T12:26:03","slug":"about-us","status":"publish","type":"page","link":"https:\/\/enfusionbusinessclub.com\/de\/about-us\/","title":{"rendered":"About Us"},"content":{"rendered":"<section class=\"bde-section-22-100 bde-section\">\n              \n  \n  \n\t\n\n  <div class=\"section-background-overlay\"><\/div>\n\n\n<div class=\"section-container\"><h1 class=\"bde-dual-heading-22-101 bde-dual-heading\">\n\n\n            <span data-style=\"primary\" class=\"dual-heading--primary\">\u00dcber<\/span>\n\n            <span data-style=\"secondary\" class=\"dual-heading--secondary\">Unser<\/span>\n\n\n\n<\/h1><div class=\"bde-columns-22-210 bde-columns\"><div class=\"bde-column-22-211 bde-column\">\n  \n  \n\t\n\n\n\n<img decoding=\"async\" class=\"bde-image2-22-213 bde-image2\" src=\"https:\/\/enfusionbusinessclub.com\/wp-content\/uploads\/2026\/02\/cropped_circle_image.png\" loading=\"lazy\" srcset=\"https:\/\/enfusionbusinessclub.com\/wp-content\/uploads\/2026\/02\/cropped_circle_image.png 1024w, https:\/\/enfusionbusinessclub.com\/wp-content\/uploads\/2026\/02\/cropped_circle_image-300x300.png 300w, https:\/\/enfusionbusinessclub.com\/wp-content\/uploads\/2026\/02\/cropped_circle_image-150x150.png 150w, https:\/\/enfusionbusinessclub.com\/wp-content\/uploads\/2026\/02\/cropped_circle_image-768x768.png 768w\" sizes=\"(max-width: 1024px) 100vw, 1024px\">\n<\/div><div class=\"bde-column-22-212 bde-column\">\n  \n  \n\t\n\n\n\n<div class=\"bde-rich-text-22-215 bde-rich-text breakdance-rich-text-styles\">\n<h3><b>DIE DNA DER CHAMPIONS<\/b><\/h3><p><span style=\"font-weight: 400;\">Enfusion wurde 2013 von Edwin van Os gegr\u00fcndet, dem Mitbegr\u00fcnder des legend\u00e4ren <\/span><i><span style=\"font-weight: 400;\">Es ist Showtime<\/span><\/i><span style=\"font-weight: 400;\">. Seine Mission war glasklar: die Welt der Kampfk\u00fcnste zu ver\u00e4ndern. Keine lokalen Veranstaltungen mehr, sondern eine <\/span><b>Hochwertige internationale Medienplattform<\/b><span style=\"font-weight: 400;\">.<\/span><\/p><p><span style=\"font-weight: 400;\">Enfusion gelang der weltweite Durchbruch mit dem revolution\u00e4ren <\/span><i><span style=\"font-weight: 400;\">Enfusion Realit\u00e4t<\/span><\/i><span style=\"font-weight: 400;\"> TV-Serie. Top-K\u00e4mpfer trainierten, lebten und k\u00e4mpften gemeinsam an exotischen Orten wie Koh Samui. Dieses Format machte die K\u00e4mpfer zu Superstars und legte den Grundstein f\u00fcr unsere treue, weltweite Fangemeinde.<\/span><\/p>\n<\/div>\n<\/div><\/div><\/div>\n<\/section><section class=\"bde-section-22-104 bde-section\">\n  \n  \n\t\n\n\n\n<div class=\"section-container\"><div class=\"bde-columns-22-105 bde-columns\"><div class=\"bde-column-22-106 bde-column\">\n  \n  \n\t\n\n\n\n<img decoding=\"async\" class=\"bde-image2-22-199 bde-image2\" src=\"https:\/\/enfusionbusinessclub.com\/wp-content\/uploads\/2026\/01\/475963046_2898745666952343_1505535902311915947_n-768x768.jpg\" loading=\"lazy\" srcset=\"https:\/\/enfusionbusinessclub.com\/wp-content\/uploads\/2026\/01\/475963046_2898745666952343_1505535902311915947_n-768x768.jpg 768w, https:\/\/enfusionbusinessclub.com\/wp-content\/uploads\/2026\/01\/475963046_2898745666952343_1505535902311915947_n-300x300.jpg 300w, https:\/\/enfusionbusinessclub.com\/wp-content\/uploads\/2026\/01\/475963046_2898745666952343_1505535902311915947_n-1024x1024.jpg 1024w, https:\/\/enfusionbusinessclub.com\/wp-content\/uploads\/2026\/01\/475963046_2898745666952343_1505535902311915947_n-150x150.jpg 150w\" sizes=\"(max-width: 768px) 100vw, 768px\"><div class=\"bde-div-22-110 bde-div\">\n  \n  \n\t\n\n\n\n<img decoding=\"async\" class=\"bde-image2-22-201 bde-image2\" src=\"https:\/\/enfusionbusinessclub.com\/wp-content\/uploads\/2026\/02\/thian-de-vries-6988a8deb4e2c-768x512.webp\" loading=\"lazy\" srcset=\"https:\/\/enfusionbusinessclub.com\/wp-content\/uploads\/2026\/02\/thian-de-vries-6988a8deb4e2c-768x512.webp 768w, https:\/\/enfusionbusinessclub.com\/wp-content\/uploads\/2026\/02\/thian-de-vries-6988a8deb4e2c-300x200.webp 300w, https:\/\/enfusionbusinessclub.com\/wp-content\/uploads\/2026\/02\/thian-de-vries-6988a8deb4e2c-1024x683.webp 1024w\" sizes=\"(max-width: 768px) 100vw, 768px\"><img decoding=\"async\" class=\"bde-image2-22-202 bde-image2\" src=\"https:\/\/enfusionbusinessclub.com\/wp-content\/uploads\/2026\/01\/475810516_2898034630356780_6275273127047643583_n.jpg\" loading=\"lazy\" srcset=\"https:\/\/enfusionbusinessclub.com\/wp-content\/uploads\/2026\/01\/475810516_2898034630356780_6275273127047643583_n.jpg 206w, https:\/\/enfusionbusinessclub.com\/wp-content\/uploads\/2026\/01\/475810516_2898034630356780_6275273127047643583_n-150x150.jpg 150w\" sizes=\"(max-width: 206px) 100vw, 206px\">\n<\/div>\n<\/div><div class=\"bde-column-22-107 bde-column\">\n  \n  \n\t\n\n\n\n<div class=\"bde-div-22-191 bde-div\">\n  \n  \n\t\n\n\n\n<div class=\"bde-fancy-divider-22-190 bde-fancy-divider\">\n\n\n<div class=\"bde-fancy-divider__wrapper\">\n  <div class=\"bde-fancy-divider__separator\">\n  \t  <\/div>\n<\/div>\n\n<\/div><h4 class=\"bde-dual-heading-22-192 bde-dual-heading\">\n\n\n            <span data-style=\"primary\" class=\"dual-heading--primary\">Enfusion Business Club<\/span>\n\n            <span data-style=\"primary\" class=\"dual-heading--primary\"><\/span>\n\n\n\n<\/h4>\n<\/div><h2 class=\"bde-dual-heading-22-115 bde-dual-heading\">\n\n\n            <span data-style=\"primary\" class=\"dual-heading--primary\"><\/span>\n\n\n\n<\/h2><div class=\"bde-text-22-116 bde-text\">\nAls Mitglied werden Sie Teil eines aktiven Unternehmensnetzwerks mit einer Reichweite, die \u00fcber die Region hinausgeht. Durch die \u00dcbertragung unserer Sportereignisse \u00fcber verschiedene Kan\u00e4le bieten wir Ihrem Unternehmen eine solide B\u00fchne f\u00fcr mehr Sichtbarkeit und st\u00e4rken Ihre internationalen Verbindungen.\n<\/div><div class=\"bde-div-22-117 bde-div\">\n  \n  \n\t\n\n\n\n<div class=\"bde-simple-counter-22-118 bde-simple-counter\">\n<div class=\"bde-simple-counter__wrapper\">\n  <p class=\"bde-simple-counter__number bde-h6\">\n    <span class=\"bde-simple-counter__prefix\"><\/span>\n    <span class=\"bde-simple-counter__digit js-digit\"><\/span>\n    <span class=\"bde-simple-counter__suffix\">K<\/span>\n  <\/p>\n    \t<div class=\"bde-simple-counter__title\" >Facebook<\/div>\n  <\/div>\n\n<\/div><div class=\"bde-simple-counter-22-119 bde-simple-counter\">\n<div class=\"bde-simple-counter__wrapper\">\n  <p class=\"bde-simple-counter__number bde-h6\">\n    <span class=\"bde-simple-counter__prefix\"><\/span>\n    <span class=\"bde-simple-counter__digit js-digit\"><\/span>\n    <span class=\"bde-simple-counter__suffix\">k<\/span>\n  <\/p>\n    \t<div class=\"bde-simple-counter__title\" >YouTube<\/div>\n  <\/div>\n\n<\/div><div class=\"bde-simple-counter-22-120 bde-simple-counter\">\n<div class=\"bde-simple-counter__wrapper\">\n  <p class=\"bde-simple-counter__number bde-h6\">\n    <span class=\"bde-simple-counter__prefix\"><\/span>\n    <span class=\"bde-simple-counter__digit js-digit\"><\/span>\n    <span class=\"bde-simple-counter__suffix\">K<\/span>\n  <\/p>\n    \t<div class=\"bde-simple-counter__title\" >Instagram<\/div>\n  <\/div>\n\n<\/div>\n<\/div><div class=\"bde-button-22-121 bde-button\">\n    \n                        \n                        \n    \n    \n    \n    \n            \n                    \n            \n            \n\n    \n    \n    \n    \n    \n    <a class=\"breakdance-link button-atom button-atom--custom bde-button__button\" href=\"\/de\/contact-us\/\" target=\"_self\" data-type=\"url\"  >\n\n    \n        <span class=\"button-atom__text\">Mitglied werden<\/span>\n\n                            \n        \n                <\/a>\n\n    \n\n\n<\/div>\n<\/div><\/div><\/div>\n<\/section>","protected":false},"excerpt":{"rendered":"<p>Over Ons HET DNA VAN KAMPIOENENEnfusion is in 2013 opgericht door Edwin van Os, mede-grondlegger van het legendarische It\u2019s Showtime. Zijn missie was kraakhelder: de vechtsportwereld transformeren. Geen lokale evenementen meer, maar een high-end internationaal mediaplatform.Enfusion brak wereldwijd door met de revolutionaire Enfusion Reality TV-serie. Topvechters trainden, leefden en streden samen op exotische locaties zoals [&hellip;]<\/p>\n","protected":false},"author":1,"featured_media":0,"parent":0,"menu_order":0,"comment_status":"closed","ping_status":"closed","template":"","meta":{"_acf_changed":false,"_breakdance_hide_in_design_set":false,"_breakdance_tags":"","footnotes":""},"class_list":["post-22","page","type-page","status-publish","hentry"],"acf":[],"_links":{"self":[{"href":"https:\/\/enfusionbusinessclub.com\/de\/wp-json\/wp\/v2\/pages\/22","targetHints":{"allow":["GET"]}}],"collection":[{"href":"https:\/\/enfusionbusinessclub.com\/de\/wp-json\/wp\/v2\/pages"}],"about":[{"href":"https:\/\/enfusionbusinessclub.com\/de\/wp-json\/wp\/v2\/types\/page"}],"author":[{"embeddable":true,"href":"https:\/\/enfusionbusinessclub.com\/de\/wp-json\/wp\/v2\/users\/1"}],"replies":[{"embeddable":true,"href":"https:\/\/enfusionbusinessclub.com\/de\/wp-json\/wp\/v2\/comments?post=22"}],"version-history":[{"count":33,"href":"https:\/\/enfusionbusinessclub.com\/de\/wp-json\/wp\/v2\/pages\/22\/revisions"}],"predecessor-version":[{"id":827,"href":"https:\/\/enfusionbusinessclub.com\/de\/wp-json\/wp\/v2\/pages\/22\/revisions\/827"}],"wp:attachment":[{"href":"https:\/\/enfusionbusinessclub.com\/de\/wp-json\/wp\/v2\/media?parent=22"}],"curies":[{"name":"wp","href":"https:\/\/api.w.org\/{rel}","templated":true}]}}