{"id":571,"date":"2026-02-16T12:55:44","date_gmt":"2026-02-16T12:55:44","guid":{"rendered":"https:\/\/enfusionbusinessclub.com\/?page_id=571"},"modified":"2026-04-02T08:35:43","modified_gmt":"2026-04-02T08:35:43","slug":"tarieven","status":"publish","type":"page","link":"https:\/\/enfusionbusinessclub.com\/de\/tarieven\/","title":{"rendered":"Preise"},"content":{"rendered":"<section class=\"bde-section-571-121 bde-section\">\n              \n  \n  \n\t\n\n  <div class=\"section-background-overlay\"><\/div>\n\n\n<div class=\"section-container\"><h1 class=\"bde-dual-heading-571-123 bde-dual-heading\">\n\n\n            <span data-style=\"primary\" class=\"dual-heading--primary\">EBC<\/span>\n\n            <span data-style=\"secondary\" class=\"dual-heading--secondary\">Preise<\/span>\n\n\n\n<\/h1><div class=\"bde-text-571-124 bde-text\">\nSind Sie bereit, Ihr Unternehmen an den Ring zu bringen?<br><br>Es handelt sich dabei nicht um einen weiteren Networking-Club, sondern um eine einzigartige Plattform f\u00fcr Unternehmer, die ihr Engagement mit erstklassigen Sporterlebnissen und VIP-Bewirtung verbinden wollen.<br><br>Als EBC-Mitglied haben Sie buchst\u00e4blich einen Sitz in der ersten Reihe bei den wichtigsten Messen und werden Teil eines starken Netzwerks.\n<\/div><\/div>\n<\/section><section class=\"bde-section-571-126 bde-section\">\n  \n  \n\t\n\n\n\n<div class=\"section-container\"><div class=\"bde-columns-571-127 bde-columns\"><div class=\"bde-column-571-128 bde-column\">\n              \n  \n  \n\t\n\n\n\n<div class=\"bde-div-571-129 bde-div\">\n  \n  \n\t\n\n\n\n<div class=\"bde-text-571-130 bde-text\">\n01\n<\/div><h5 class=\"bde-heading-571-131 bde-heading\">\nMassive soziale Medien und Live-Pr\u00e4senz\n<\/h5><div class=\"bde-text-571-132 bde-text\">\nIhre Marke auf der Netzhaut von Millionen. Durch unsere globalen Livestreams und \u00fcber 500.000 YouTube-Abonnenten schaffen Sie \"ewige Inhalte\" und eine Sichtbarkeit, die \u00fcber Jahre hinweg anh\u00e4lt.\n<\/div><a class=\"bde-text-link-571-133 bde-text-link breakdance-link\" href=\"https:\/\/enfusionbusinessclub.com\/de\/tarieven-details\/\" target=\"_self\" data-type=\"url\">\n  Mehr lesen\n\n<\/a>\n<\/div><div class=\"bde-div-571-134 bde-div\">\n              \n  \n  \n\t\n\n  <div class=\"section-background-overlay\"><\/div>\n\n\n<h5 class=\"bde-heading-571-135 bde-heading\">\nVIP-Erlebnis &amp; Gastfreundschaft\n<\/h5><div class=\"bde-text-571-136 bde-text\">\nErleben Sie die Tournee 2026 aus der ersten Reihe. Von Goes nach Genk: Ihre Mitgliedschaft garantiert Ihnen exklusive VIP-Pl\u00e4tze sowie regul\u00e4re Tickets, mit denen Sie Ihre Gesch\u00e4ftskontakte mit Spitzensport verw\u00f6hnen k\u00f6nnen.\n<\/div><a class=\"bde-text-link-571-137 bde-text-link breakdance-link\" href=\"https:\/\/enfusionbusinessclub.com\/de\/tarieven-details\/\" target=\"_self\" data-type=\"url\">\n  Mehr lesen\n\n<\/a><div class=\"bde-text-571-138 bde-text\">\n02\n<\/div>\n<\/div><div class=\"bde-div-571-139 bde-div\">\n  \n  \n\t\n\n\n\n<h5 class=\"bde-heading-571-140 bde-heading\">\nBusiness-Networking und B2B-Veranstaltungen\n<\/h5><div class=\"bde-text-571-141 bde-text\">\nWo Leidenschaft und Gesch\u00e4ft zusammenkommen. Erhalten Sie Zugang zu den Entscheidungstr\u00e4gern in der VIP-Lounge, lernen Sie von Top-Athleten w\u00e4hrend der Clinics und sichern Sie sich sofortige 20%-Mitgliedervorteile f\u00fcr zus\u00e4tzliche Ringpr\u00e4senz.\n<\/div><a class=\"bde-text-link-571-142 bde-text-link breakdance-link\" href=\"https:\/\/enfusionbusinessclub.com\/de\/tarieven-details\/\" target=\"_self\" data-type=\"url\">\n  Mehr lesen\n\n<\/a><div class=\"bde-text-571-143 bde-text\">\n03\n<\/div>\n<\/div><div class=\"bde-div-571-144 bde-div\">\n  \n  \n\t\n\n\n\n<h5 class=\"bde-heading-571-145 bde-heading\">\nOnline Branding &amp; Aufmerksamkeit\n<\/h5><div class=\"bde-text-571-146 bde-text\">\nZeigen Sie, dass Sie ein ernstzunehmender Akteur sind. Mit einem erstklassigen Unternehmensprofil, einem Video und direkten Links auf der EBC-Mitgliederseite k\u00f6nnen Sie Ihre Autorit\u00e4t in der Welt des Kampfsports unter Beweis stellen.\n<\/div><a class=\"bde-text-link-571-147 bde-text-link breakdance-link\" href=\"https:\/\/enfusionbusinessclub.com\/de\/tarieven-details\/\" target=\"_self\" data-type=\"url\">\n  Mehr lesen\n\n<\/a><div class=\"bde-text-571-148 bde-text\">\n04\n<\/div>\n<\/div>\n<\/div><div class=\"bde-column-571-149 bde-column\">\n  \n  \n\t\n\n\n\n<div class=\"bde-div-571-150 bde-div\">\n  \n  \n\t\n\n\n\n<div class=\"bde-fancy-divider-571-151 bde-fancy-divider\">\n\n\n<div class=\"bde-fancy-divider__wrapper\">\n  <div class=\"bde-fancy-divider__separator\">\n  \t  <\/div>\n<\/div>\n\n<\/div><h4 class=\"bde-heading-571-152 bde-heading\">\nDie Investition \n<\/h4><div class=\"bde-div-571-279 bde-div\">\n  \n  \n\t\n\n\n\n<div class=\"bde-rich-text-571-281 bde-rich-text breakdance-rich-text-styles\">\n<p>Sind Sie bereit, Ihr Unternehmen an den Ring zu bringen?<br \/>Genau das bietet EBC:<\/p>\n<\/div><div class=\"bde-div-571-282 bde-div\">\n  \n  \n\t\n\n\n\n<div class=\"bde-div-571-283 bde-div\">\n  \n  \n\t\n\n\n\n<div class=\"bde-icon-571-284 bde-icon\">\n\n    \n            <div class=\"bde-icon-icon breakdance-icon-atom\" >\n    \n                    <svg xmlns=\"http:\/\/www.w3.org\/2000\/svg\" viewbox=\"0 0 640 640\"><!--!Font Awesome Free 7.2.0 by @fontawesome - https:\/\/fontawesome.com License - https:\/\/fontawesome.com\/license\/free Copyright 2026 Fonticons, Inc.--><path d=\"M512 128L128.2 128C104.6 128 85.5 147.1 85.5 170.7L85.5 234.6L128.2 234.6L128.2 170.7L512 170.7L512 469.3L362.8 469.3L362.8 512L512.2 512C535.8 512 554.9 492.9 554.9 469.3L554.9 170.7C554.9 147.1 535.6 128 512 128zM85.5 447.6L85.5 511.5L149.4 511.5C149.4 476.2 120.8 447.6 85.5 447.6zM85.5 362.6L85.5 405C144.4 405 192.1 453.1 192.1 512L234.8 512C234.9 429.6 167.9 362.7 85.5 362.6zM277.6 512L320.3 512C319.8 382.5 215 277.7 85.5 277.4L85.5 319.8C191.5 319.6 277.5 406 277.6 512z\"\/><\/svg>\n        \n        \n        \n            <\/div>\n    \n\n\n<\/div><div class=\"bde-rich-text-571-285 bde-rich-text breakdance-rich-text-styles\">\n<p><strong>Massenexposition:<\/strong> Jouw LOGO op de LED-walls tijdens wereldwijde live uitzendingen van Enfusion en 8TKO. Daarnaast zetten we je op de kaart met een prominente VERMELDING op onze website inclusief backlink, bedrijfsvideo en LinkedIn-koppeling. Zo boosten wij niet alleen je netwerk, maar ook je online vindbaarheid.<\/p>\n<\/div>\n<\/div><div class=\"bde-div-571-286 bde-div\">\n  \n  \n\t\n\n\n\n<div class=\"bde-icon-571-287 bde-icon\">\n\n    \n            <div class=\"bde-icon-icon breakdance-icon-atom\" >\n    \n                    <svg xmlns=\"http:\/\/www.w3.org\/2000\/svg\" viewbox=\"0 0 640 640\"><!--!Font Awesome Free 7.2.0 by @fontawesome - https:\/\/fontawesome.com License - https:\/\/fontawesome.com\/license\/free Copyright 2026 Fonticons, Inc.--><path d=\"M424 64C437.3 64 448 74.7 448 88L448 128L480 128C515.3 128 544 156.7 544 192L544 480C544 515.3 515.3 544 480 544L160 544C124.7 544 96 515.3 96 480L96 192C96 156.7 124.7 128 160 128L192 128L192 88C192 74.7 202.7 64 216 64C229.3 64 240 74.7 240 88L240 128L400 128L400 88C400 74.7 410.7 64 424 64zM160 176C151.2 176 144 183.2 144 192L144 480C144 488.8 151.2 496 160 496L480 496C488.8 496 496 488.8 496 480L496 192C496 183.2 488.8 176 480 176L160 176zM390.7 241.9C398.5 231.2 413.5 228.8 424.2 236.6C434.9 244.4 437.3 259.4 429.5 270.1L307.4 438.1C303.3 443.8 296.9 447.4 289.9 447.9C282.9 448.4 276 445.9 271.1 441L215.2 385.1C205.8 375.7 205.8 360.5 215.2 351.2C224.6 341.9 239.8 341.8 249.1 351.2L285.1 387.2L390.7 242z\"\/><\/svg>\n        \n        \n        \n            <\/div>\n    \n\n\n<\/div><div class=\"bde-rich-text-571-288 bde-rich-text breakdance-rich-text-styles\">\n<p><strong>VIP-Erlebnis:<\/strong> J\u00e4hrlich GRATIS 2 exklusive VIP-Tickets + 2 regul\u00e4re Tickets f\u00fcr eine EBC-Veranstaltung Ihrer Wahl.<\/p>\n<\/div>\n<\/div><div class=\"bde-div-571-289 bde-div\">\n  \n  \n\t\n\n\n\n<div class=\"bde-icon-571-290 bde-icon\">\n\n    \n            <div class=\"bde-icon-icon breakdance-icon-atom\" >\n    \n                    <svg xmlns=\"http:\/\/www.w3.org\/2000\/svg\" viewbox=\"0 0 640 640\"><!--!Font Awesome Free 7.2.0 by @fontawesome - https:\/\/fontawesome.com License - https:\/\/fontawesome.com\/license\/free Copyright 2026 Fonticons, Inc.--><path d=\"M433.2 103.1L581.4 253.4C609.1 281.5 609.1 326.5 581.4 354.6L425 512.9C415.7 522.3 400.5 522.4 391.1 513.1C381.7 503.8 381.6 488.6 390.9 479.2L547.3 320.8C556.5 311.5 556.5 296.4 547.3 287.1L399 136.9C389.7 127.5 389.8 112.3 399.2 103C408.6 93.7 423.8 93.8 433.1 103.2zM64.1 293.5L64.1 160C64.1 124.7 92.8 96 128.1 96L261.6 96C278.6 96 294.9 102.7 306.9 114.7L450.9 258.7C475.9 283.7 475.9 324.2 450.9 349.2L317.4 482.7C292.4 507.7 251.9 507.7 226.9 482.7L82.9 338.7C70.9 326.7 64.2 310.4 64.2 293.4zM208.1 208C208.1 190.3 193.8 176 176.1 176C158.4 176 144.1 190.3 144.1 208C144.1 225.7 158.4 240 176.1 240C193.8 240 208.1 225.7 208.1 208z\"\/><\/svg>\n        \n        \n        \n            <\/div>\n    \n\n\n<\/div><div class=\"bde-rich-text-571-291 bde-rich-text breakdance-rich-text-styles\">\n<p><strong>KORTING auf extra (Ring ) Belichtung:<\/strong> Wir bieten EBC-Mitgliedern 20% RABATT auf Dinge wie Teilnahme am Podcast, Logo auf der Matte, Logo auf Eckkissen oder Toblerones, Clip in der Werbepause, Erw\u00e4hnung von Rednern, etc. Au\u00dferdem erhalten Sie Rabatte auf VIP- und Eintrittskarten f\u00fcr die EBC-Veranstaltungen.<\/p>\n<\/div>\n<\/div><div class=\"bde-div-571-292 bde-div\">\n  \n  \n\t\n\n\n\n<div class=\"bde-icon-571-293 bde-icon\">\n\n    \n            <div class=\"bde-icon-icon breakdance-icon-atom\" >\n    \n                    <svg xmlns=\"http:\/\/www.w3.org\/2000\/svg\" viewbox=\"0 0 640 640\"><!--!Font Awesome Free 7.2.0 by @fontawesome - https:\/\/fontawesome.com License - https:\/\/fontawesome.com\/license\/free Copyright 2026 Fonticons, Inc.--><path d=\"M119.9 75.5C108.6 68.6 93.8 72.3 86.9 83.6C62.1 124.6 47.9 172.7 47.9 224C47.9 275.3 62.1 323.4 86.9 364.4C93.8 375.7 108.5 379.4 119.9 372.5C131.3 365.6 134.9 350.9 128 339.5C107.7 305.9 96 266.3 96 224C96 181.7 107.7 142.1 128.1 108.4C135 97.1 131.3 82.3 120 75.4zM520 75.5C508.7 82.4 505 97.1 511.9 108.5C532.3 142.2 544 181.8 544 224.1C544 266.4 532.3 306 511.9 339.7C505 351 508.7 365.8 520 372.7C531.3 379.6 546.1 375.9 553 364.6C577.8 323.6 592 275.5 592 224.2C592 172.9 577.8 124.6 553 83.6C546.1 72.3 531.4 68.6 520 75.5zM352 279.4C371.1 268.3 384 247.7 384 224C384 188.7 355.3 160 320 160C284.7 160 256 188.7 256 224C256 247.7 268.9 268.4 288 279.4L288 544C288 561.7 302.3 576 320 576C337.7 576 352 561.7 352 544L352 279.4zM212.2 155C219.4 143.8 216.1 129 205 121.8C193.9 114.6 179 117.9 171.8 129C154.2 156.4 144 189 144 224C144 259 154.2 291.6 171.8 319C179 330.2 193.8 333.4 205 326.2C216.2 319 219.4 304.2 212.2 293C199.4 273.1 192 249.4 192 224C192 198.6 199.4 174.9 212.2 155zM468.2 129C461 117.8 446.2 114.6 435 121.8C423.8 129 420.6 143.8 427.8 155C440.6 174.9 448 198.6 448 224C448 249.4 440.6 273.1 427.8 293C420.6 304.2 423.9 319 435 326.2C446.1 333.4 461 330.1 468.2 319C485.8 291.6 496 259 496 224C496 189 485.8 156.4 468.2 129z\"\/><\/svg>\n        \n        \n        \n            <\/div>\n    \n\n\n<\/div><div class=\"bde-rich-text-571-294 bde-rich-text breakdance-rich-text-styles\">\n<p><strong>Austausch von Wissen:<\/strong> Exklusive CLINICS von Kollegen und Spitzensportlern und die M\u00f6glichkeit, Ihr Fachwissen zu pr\u00e4sentieren.<\/p>\n<\/div>\n<\/div>\n<\/div><div class=\"bde-rich-text-571-295 bde-rich-text breakdance-rich-text-styles\">\n<p><strong>Die UNTERSUCHUNG:<\/strong><br \/><strong>J\u00e4hrlich:<\/strong> 1.000 \u20ac (ohne MwSt.). Fr\u00fchbucher erhalten diesen Preis IMMER!<\/p>\n<\/div>\n<\/div>\n<\/div><div class=\"bde-button-571-155 bde-button\">\n    \n                        \n                        \n    \n    \n    \n    \n            \n                    \n            \n            \n\n    \n    \n    \n    \n    \n    <a class=\"breakdance-link button-atom button-atom--custom bde-button__button\" href=\"https:\/\/enfusionbusinessclub.com\/de\/contact-us\/\" target=\"_self\" data-type=\"url\"  >\n\n    \n        <span class=\"button-atom__text\">Hier beitreten<\/span>\n\n        \n        \n                <\/a>\n\n    \n\n\n<\/div>\n<\/div><\/div><\/div>\n<\/section>","protected":false},"excerpt":{"rendered":"<p>EBC Tarieven Ben je klaar om jouw business naar de &#8216;ringside&#8217; te brengen?Dit is niet zomaar een netwerkclub; het is een uniek platform voor ondernemers die exposure willen combineren met topsportbeleving en VIP-gastvrijheid.Als EBC-lid zit je letterlijk op de eerste rang bij grote shows en word je onderdeel van een krachtig netwerk. 01 Massale Social [&hellip;]<\/p>\n","protected":false},"author":2,"featured_media":0,"parent":0,"menu_order":0,"comment_status":"closed","ping_status":"closed","template":"","meta":{"_acf_changed":false,"_breakdance_hide_in_design_set":false,"_breakdance_tags":"","footnotes":""},"class_list":["post-571","page","type-page","status-publish","hentry"],"acf":[],"_links":{"self":[{"href":"https:\/\/enfusionbusinessclub.com\/de\/wp-json\/wp\/v2\/pages\/571","targetHints":{"allow":["GET"]}}],"collection":[{"href":"https:\/\/enfusionbusinessclub.com\/de\/wp-json\/wp\/v2\/pages"}],"about":[{"href":"https:\/\/enfusionbusinessclub.com\/de\/wp-json\/wp\/v2\/types\/page"}],"author":[{"embeddable":true,"href":"https:\/\/enfusionbusinessclub.com\/de\/wp-json\/wp\/v2\/users\/2"}],"replies":[{"embeddable":true,"href":"https:\/\/enfusionbusinessclub.com\/de\/wp-json\/wp\/v2\/comments?post=571"}],"version-history":[{"count":44,"href":"https:\/\/enfusionbusinessclub.com\/de\/wp-json\/wp\/v2\/pages\/571\/revisions"}],"predecessor-version":[{"id":990,"href":"https:\/\/enfusionbusinessclub.com\/de\/wp-json\/wp\/v2\/pages\/571\/revisions\/990"}],"wp:attachment":[{"href":"https:\/\/enfusionbusinessclub.com\/de\/wp-json\/wp\/v2\/media?parent=571"}],"curies":[{"name":"wp","href":"https:\/\/api.w.org\/{rel}","templated":true}]}}