{"id":802,"date":"2026-02-20T12:43:29","date_gmt":"2026-02-20T12:43:29","guid":{"rendered":"https:\/\/enfusionbusinessclub.com\/?page_id=802"},"modified":"2026-02-20T12:57:35","modified_gmt":"2026-02-20T12:57:35","slug":"de-ebc-masterclass","status":"publish","type":"page","link":"https:\/\/enfusionbusinessclub.com\/de\/de-ebc-masterclass\/","title":{"rendered":"De EBC Masterclass"},"content":{"rendered":"<section class=\"bde-section-802-100 bde-section\">\n  \n  \n\t\n\n\n\n<div class=\"section-container\"><\/div>\n<\/section><section class=\"bde-section-802-101 bde-section\">\n  \n  \n\t\n\n\n\n<div class=\"section-container\"><div class=\"bde-columns-802-102 bde-columns\"><div class=\"bde-column-802-103 bde-column\">\n  \n  \n\t\n\n\n\n<div class=\"bde-text-802-107 bde-text\">\nDer Kalender 2026 ist er\u00f6ffnet. EBC-Mitglied und Profi-Kickboxer Elnur Gadimov wird die T\u00fcren seines Fitnessstudios Team Champ in Uithoorn f\u00fcr ein exklusives 'Inside the Ring'-Erlebnis \u00f6ffnen.<br>Dies ist Ihre Chance, von einem Profi zu lernen und die Welt hinter den Kulissen von Enfusion zu entdecken.<br>Mehr als Ausbildung: Treffen Sie die Experten von Fairtex<br>Bei dieser Veranstaltung geht es nicht nur um den Sport, sondern auch um die starken Partner in unserem Netzwerk. Wir sind stolz, ank\u00fcndigen zu k\u00f6nnen, dass Fairtex bei Team Champ anwesend sein wird:<br>- Fairtex: Die weltweite Autorit\u00e4t f\u00fcr Kampfsportausr\u00fcstung. Sie werden anwesend sein, um die Mitglieder zu treffen, Fragen zu ihrer Marke zu beantworten und die neueste Ausr\u00fcstung vorzustellen. Eine einzigartige Gelegenheit, sich direkt von den Spezialisten beraten zu lassen.\n<\/div>\n<\/div><div class=\"bde-column-802-104 bde-column\">\n  \n  \n\t\n\n\n\n<h4 class=\"bde-heading-802-109 bde-heading\">\nH\u00f6hepunkte des Programms\n<\/h4><div class=\"bde-rich-text-802-108 bde-rich-text breakdance-rich-text-styles\">\n<p><strong>1. Hinter den Kulissen (20 min):<\/strong><br \/>Elnur erkl\u00e4rt interaktiv die Strategie, die hinter dieser Technik steckt. Warum gerade dieser Tritt? Was ist die Taktik hinter einer Runde? Nach dieser Sitzung werden Sie nie wieder eine Enfusion-Veranstaltung auf dieselbe Weise sehen.<\/p><p>.<br \/><strong>2. Selbst anfangen: Punchbag Masterclass (45 min):<\/strong><br \/>Zeit, die Handschuhe anzuziehen. Unter der Anleitung von Elnur erleben Sie die Kraft des Boxsacks. Kein Kontakt, aber Adrenalin! Geeignet f\u00fcr alle Niveaus.<\/p><p><br \/><strong>3. Abschluss &amp; Networking (25 min):<\/strong><br \/>Die perfekte Gelegenheit, sich mit Elnur und dem Team von Fairtex auszutauschen. Machen Sie einen Rundgang durch das Team Champ und kn\u00fcpfen Sie wertvolle neue Kontakte innerhalb der EBC Gemeinschaft.<\/p>\n<\/div>\n<\/div><div class=\"bde-column-802-105 bde-column\">\n  \n  \n\t\n\n\n\n<h4 class=\"bde-heading-802-112 bde-heading\">\nSie k\u00f6nnen sich hier anmelden\n<\/h4><div class=\"bde-rich-text-802-111 bde-rich-text breakdance-rich-text-styles\">\n<p>Standort Host Partner Zugang<br \/>Team Champ, Uithoorn Elnur Gadimov Fairtex Exklusiv f\u00fcr EBC Mitglieder<\/p>\n<\/div>\n<\/div><\/div><\/div>\n<\/section>","protected":false},"excerpt":{"rendered":"<p>De agenda van 2026 is geopend. EBC-lid en professioneel kickbokser Elnur Gadimov opent de deuren van zijn gym, Team Champ in Uithoorn, voor een exclusieve &#8216;Inside the Ring&#8217; experience.Dit is jouw kans om te leren van een pro en de wereld achter de schermen van Enfusion te ontdekken.Meer dan training: Ontmoet de Experts van FairtexTijdens [&hellip;]<\/p>\n","protected":false},"author":2,"featured_media":0,"parent":0,"menu_order":0,"comment_status":"closed","ping_status":"closed","template":"","meta":{"_acf_changed":false,"_breakdance_hide_in_design_set":false,"_breakdance_tags":"","footnotes":""},"class_list":["post-802","page","type-page","status-publish","hentry"],"acf":[],"_links":{"self":[{"href":"https:\/\/enfusionbusinessclub.com\/de\/wp-json\/wp\/v2\/pages\/802","targetHints":{"allow":["GET"]}}],"collection":[{"href":"https:\/\/enfusionbusinessclub.com\/de\/wp-json\/wp\/v2\/pages"}],"about":[{"href":"https:\/\/enfusionbusinessclub.com\/de\/wp-json\/wp\/v2\/types\/page"}],"author":[{"embeddable":true,"href":"https:\/\/enfusionbusinessclub.com\/de\/wp-json\/wp\/v2\/users\/2"}],"replies":[{"embeddable":true,"href":"https:\/\/enfusionbusinessclub.com\/de\/wp-json\/wp\/v2\/comments?post=802"}],"version-history":[{"count":2,"href":"https:\/\/enfusionbusinessclub.com\/de\/wp-json\/wp\/v2\/pages\/802\/revisions"}],"predecessor-version":[{"id":807,"href":"https:\/\/enfusionbusinessclub.com\/de\/wp-json\/wp\/v2\/pages\/802\/revisions\/807"}],"wp:attachment":[{"href":"https:\/\/enfusionbusinessclub.com\/de\/wp-json\/wp\/v2\/media?parent=802"}],"curies":[{"name":"wp","href":"https:\/\/api.w.org\/{rel}","templated":true}]}}