{"id":620,"date":"2026-02-17T10:21:26","date_gmt":"2026-02-17T10:21:26","guid":{"rendered":"https:\/\/enfusionbusinessclub.com\/?page_id=620"},"modified":"2026-04-02T08:54:34","modified_gmt":"2026-04-02T08:54:34","slug":"tarieven-details","status":"publish","type":"page","link":"https:\/\/enfusionbusinessclub.com\/fr\/tarieven-details\/","title":{"rendered":"Tarieven details"},"content":{"rendered":"<section class=\"bde-section-620-100 bde-section\">\n              \n  \n  \n\t\n\n  <div class=\"section-background-overlay\"><\/div>\n\n\n<div class=\"section-container\"><h1 class=\"bde-dual-heading-620-101 bde-dual-heading\">\n\n\n            <span data-style=\"primary\" class=\"dual-heading--primary\">EBC<\/span>\n\n            <span data-style=\"secondary\" class=\"dual-heading--secondary\">Tarifs<\/span>\n\n\n\n<\/h1><div class=\"bde-text-620-102 bde-text\">\n\u00cates-vous pr\u00eat \u00e0 faire entrer votre entreprise dans le ring ?<br><br>Il ne s'agit pas d'un club de r\u00e9seautage comme les autres, mais d'une plateforme unique pour les entrepreneurs qui souhaitent combiner visibilit\u00e9, exp\u00e9riences sportives de haut niveau et hospitalit\u00e9 VIP.<br><br>En tant que membre de l'EBC, vous \u00eates litt\u00e9ralement aux premi\u00e8res loges des grands salons et vous faites partie d'un puissant r\u00e9seau.\n<\/div><\/div>\n<\/section><section class=\"bde-section-620-195 bde-section\">\n  \n  \n\t\n\n\n\n<div class=\"section-container\"><div class=\"bde-columns-620-196 bde-columns\"><div class=\"bde-column-620-197 bde-column\">\n  \n  \n\t\n\n\n\n<div class=\"bde-div-620-199 bde-div\">\n  \n  \n\t\n\n\n\n<h3 class=\"bde-dual-heading-620-202 bde-dual-heading\">\n\n\n            <span data-style=\"secondary\" class=\"dual-heading--secondary\">Pourquoi <\/span>\n\n\n\n<\/h3><div class=\"bde-div-620-312 bde-div\">\n  \n  \n\t\n\n\n\n<div class=\"bde-icon-620-313 bde-icon\">\n\n    \n            <div class=\"bde-icon-icon breakdance-icon-atom\" >\n    \n                    <svg xmlns=\"http:\/\/www.w3.org\/2000\/svg\" viewbox=\"0 0 448 512\"><!--! Font Awesome Free 6.5.1 by @fontawesome - https:\/\/fontawesome.com License - https:\/\/fontawesome.com\/license\/free (Icons: CC BY 4.0, Fonts: SIL OFL 1.1, Code: MIT License) Copyright 2023 Fonticons, Inc. --><path d=\"M438.6 105.4c12.5 12.5 12.5 32.8 0 45.3l-256 256c-12.5 12.5-32.8 12.5-45.3 0l-128-128c-12.5-12.5-12.5-32.8 0-45.3s32.8-12.5 45.3 0L160 338.7 393.4 105.4c12.5-12.5 32.8-12.5 45.3 0z\"\/><\/svg>\n        \n        \n        \n            <\/div>\n    \n\n\n<\/div><div class=\"bde-rich-text-620-314 bde-rich-text breakdance-rich-text-styles\">\n<p><strong>Exposition (Contenu \u00e9ternel)<\/strong><br \/>Votre marque ne dispara\u00eet pas en un clin d'\u0153il. Gr\u00e2ce \u00e0 notre port\u00e9e sur YouTube (plus de 500 000 abonn\u00e9s) et aux millions de vues sur Reels, votre logo restera visible dans nos archives num\u00e9riques pendant des ann\u00e9es. Vous entrez dans l'histoire du sport.<\/p>\n<\/div>\n<\/div><div class=\"bde-div-620-306 bde-div\">\n  \n  \n\t\n\n\n\n<div class=\"bde-icon-620-307 bde-icon\">\n\n    \n            <div class=\"bde-icon-icon breakdance-icon-atom\" >\n    \n                    <svg xmlns=\"http:\/\/www.w3.org\/2000\/svg\" viewbox=\"0 0 448 512\"><!--! Font Awesome Free 6.5.1 by @fontawesome - https:\/\/fontawesome.com License - https:\/\/fontawesome.com\/license\/free (Icons: CC BY 4.0, Fonts: SIL OFL 1.1, Code: MIT License) Copyright 2023 Fonticons, Inc. --><path d=\"M438.6 105.4c12.5 12.5 12.5 32.8 0 45.3l-256 256c-12.5 12.5-32.8 12.5-45.3 0l-128-128c-12.5-12.5-12.5-32.8 0-45.3s32.8-12.5 45.3 0L160 338.7 393.4 105.4c12.5-12.5 32.8-12.5 45.3 0z\"\/><\/svg>\n        \n        \n        \n            <\/div>\n    \n\n\n<\/div><div class=\"bde-rich-text-620-308 bde-rich-text breakdance-rich-text-styles\">\n<p><strong>Acc\u00e8s direct aux d\u00e9cideurs<\/strong><br \/>Les affaires se font dans le salon, pas derri\u00e8re un bureau. Rencontrez les propri\u00e9taires de salles de sport, les meilleurs fournisseurs et les entrepreneurs dans le salon exclusif EBC.<\/p>\n<\/div>\n<\/div><div class=\"bde-div-620-309 bde-div\">\n  \n  \n\t\n\n\n\n<div class=\"bde-icon-620-310 bde-icon\">\n\n    \n            <div class=\"bde-icon-icon breakdance-icon-atom\" >\n    \n                    <svg xmlns=\"http:\/\/www.w3.org\/2000\/svg\" viewbox=\"0 0 448 512\"><!--! Font Awesome Free 6.5.1 by @fontawesome - https:\/\/fontawesome.com License - https:\/\/fontawesome.com\/license\/free (Icons: CC BY 4.0, Fonts: SIL OFL 1.1, Code: MIT License) Copyright 2023 Fonticons, Inc. --><path d=\"M438.6 105.4c12.5 12.5 12.5 32.8 0 45.3l-256 256c-12.5 12.5-32.8 12.5-45.3 0l-128-128c-12.5-12.5-12.5-32.8 0-45.3s32.8-12.5 45.3 0L160 338.7 393.4 105.4c12.5-12.5 32.8-12.5 45.3 0z\"\/><\/svg>\n        \n        \n        \n            <\/div>\n    \n\n\n<\/div><div class=\"bde-rich-text-620-311 bde-rich-text breakdance-rich-text-styles\">\n<p><strong>Autorit\u00e9 et domination en ligne<\/strong><br \/>Nous vous pla\u00e7ons sur la carte. Gr\u00e2ce \u00e0 une liste bien visible sur notre site web, comprenant un lien retour, une vid\u00e9o d'entreprise et un lien LinkedIn, nous renfor\u00e7ons non seulement votre r\u00e9seau, mais aussi votre capacit\u00e9 \u00e0 \u00eatre trouv\u00e9 en ligne.<\/p>\n<\/div>\n<\/div>\n<\/div><div class=\"bde-div-620-203 bde-div\">\n  \n  \n\t\n\n\n\n<h3 class=\"bde-dual-heading-620-204 bde-dual-heading\">\n\n\n            <span data-style=\"secondary\" class=\"dual-heading--secondary\">Ce que vous obtenez<\/span>\n\n\n\n<\/h3><div class=\"bde-div-620-297 bde-div\">\n  \n  \n\t\n\n\n\n<div class=\"bde-icon-620-300 bde-icon\">\n\n    \n            <div class=\"bde-icon-icon breakdance-icon-atom\" >\n    \n                    <svg xmlns=\"http:\/\/www.w3.org\/2000\/svg\" viewbox=\"0 0 448 512\"><!--! Font Awesome Free 6.5.1 by @fontawesome - https:\/\/fontawesome.com License - https:\/\/fontawesome.com\/license\/free (Icons: CC BY 4.0, Fonts: SIL OFL 1.1, Code: MIT License) Copyright 2023 Fonticons, Inc. --><path d=\"M438.6 105.4c12.5 12.5 12.5 32.8 0 45.3l-256 256c-12.5 12.5-32.8 12.5-45.3 0l-128-128c-12.5-12.5-12.5-32.8 0-45.3s32.8-12.5 45.3 0L160 338.7 393.4 105.4c12.5-12.5 32.8-12.5 45.3 0z\"\/><\/svg>\n        \n        \n        \n            <\/div>\n    \n\n\n<\/div><div class=\"bde-rich-text-620-303 bde-rich-text breakdance-rich-text-styles\">\n<p><strong>Exp\u00e9rience VIP :<\/strong> Annuel GRATUIT 2 billets VIP exclusifs + 2 billets ordinaires pour un \u00e9v\u00e9nement EBC de votre choix.<\/p>\n<\/div>\n<\/div><div class=\"bde-div-620-315 bde-div\">\n  \n  \n\t\n\n\n\n<div class=\"bde-icon-620-316 bde-icon\">\n\n    \n            <div class=\"bde-icon-icon breakdance-icon-atom\" >\n    \n                    <svg xmlns=\"http:\/\/www.w3.org\/2000\/svg\" viewbox=\"0 0 448 512\"><!--! Font Awesome Free 6.5.1 by @fontawesome - https:\/\/fontawesome.com License - https:\/\/fontawesome.com\/license\/free (Icons: CC BY 4.0, Fonts: SIL OFL 1.1, Code: MIT License) Copyright 2023 Fonticons, Inc. --><path d=\"M438.6 105.4c12.5 12.5 12.5 32.8 0 45.3l-256 256c-12.5 12.5-32.8 12.5-45.3 0l-128-128c-12.5-12.5-12.5-32.8 0-45.3s32.8-12.5 45.3 0L160 338.7 393.4 105.4c12.5-12.5 32.8-12.5 45.3 0z\"\/><\/svg>\n        \n        \n        \n            <\/div>\n    \n\n\n<\/div><div class=\"bde-rich-text-620-317 bde-rich-text breakdance-rich-text-styles\">\n<p><strong>Ring Exposure Discount :<\/strong> Remise standard 20% sur, par exemple, la participation au podcast, le logo sur le tapis, le logo sur les coussins d'angle ou les toblerones, le clip dans la pause publicitaire, les mentions de l'orateur, etc.<\/p>\n<\/div>\n<\/div><div class=\"bde-div-620-318 bde-div\">\n  \n  \n\t\n\n\n\n<div class=\"bde-icon-620-319 bde-icon\">\n\n    \n            <div class=\"bde-icon-icon breakdance-icon-atom\" >\n    \n                    <svg xmlns=\"http:\/\/www.w3.org\/2000\/svg\" viewbox=\"0 0 448 512\"><!--! Font Awesome Free 6.5.1 by @fontawesome - https:\/\/fontawesome.com License - https:\/\/fontawesome.com\/license\/free (Icons: CC BY 4.0, Fonts: SIL OFL 1.1, Code: MIT License) Copyright 2023 Fonticons, Inc. --><path d=\"M438.6 105.4c12.5 12.5 12.5 32.8 0 45.3l-256 256c-12.5 12.5-32.8 12.5-45.3 0l-128-128c-12.5-12.5-12.5-32.8 0-45.3s32.8-12.5 45.3 0L160 338.7 393.4 105.4c12.5-12.5 32.8-12.5 45.3 0z\"\/><\/svg>\n        \n        \n        \n            <\/div>\n    \n\n\n<\/div><div class=\"bde-rich-text-620-320 bde-rich-text breakdance-rich-text-styles\">\n<p><strong>L'image de marque mondiale :<\/strong> Votre logo sur les murs LED lors des retransmissions mondiales en direct d'Enfusion et de 8TKO. Nous vous pla\u00e7ons sur la carte. Gr\u00e2ce \u00e0 une mention bien visible sur notre site web comprenant un lien retour, une vid\u00e9o d'entreprise et un lien LinkedIn, nous renfor\u00e7ons non seulement votre r\u00e9seau, mais aussi votre capacit\u00e9 \u00e0 \u00eatre trouv\u00e9 en ligne.<\/p>\n<\/div>\n<\/div><div class=\"bde-div-620-321 bde-div\">\n  \n  \n\t\n\n\n\n<div class=\"bde-icon-620-322 bde-icon\">\n\n    \n            <div class=\"bde-icon-icon breakdance-icon-atom\" >\n    \n                    <svg xmlns=\"http:\/\/www.w3.org\/2000\/svg\" viewbox=\"0 0 448 512\"><!--! Font Awesome Free 6.5.1 by @fontawesome - https:\/\/fontawesome.com License - https:\/\/fontawesome.com\/license\/free (Icons: CC BY 4.0, Fonts: SIL OFL 1.1, Code: MIT License) Copyright 2023 Fonticons, Inc. --><path d=\"M438.6 105.4c12.5 12.5 12.5 32.8 0 45.3l-256 256c-12.5 12.5-32.8 12.5-45.3 0l-128-128c-12.5-12.5-12.5-32.8 0-45.3s32.8-12.5 45.3 0L160 338.7 393.4 105.4c12.5-12.5 32.8-12.5 45.3 0z\"\/><\/svg>\n        \n        \n        \n            <\/div>\n    \n\n\n<\/div><div class=\"bde-rich-text-620-323 bde-rich-text breakdance-rich-text-styles\">\n<p><strong>Partage des connaissances :<\/strong> Des stages exclusifs avec des athl\u00e8tes de haut niveau et la possibilit\u00e9 de pr\u00e9senter votre expertise.<\/p>\n<\/div>\n<\/div>\n<\/div><div class=\"bde-div-620-207 bde-div\">\n  \n  \n\t\n\n\n\n<h3 class=\"bde-dual-heading-620-208 bde-dual-heading\">\n\n\n            <span data-style=\"secondary\" class=\"dual-heading--secondary\">Calendrier des \u00e9v\u00e9nements <\/span>\n\n            <span data-style=\"primary\" class=\"dual-heading--primary\"> Printemps 2026<\/span>\n\n\n\n<\/h3><div class=\"bde-button-620-296 bde-button\">\n    \n                                    \n    \n    \n    \n    \n            \n                    \n            \n            \n\n    \n    \n    \n    \n    \n    <a class=\"breakdance-link button-atom button-atom--primary bde-button__button\" href=\"https:\/\/enfusionbusinessclub.com\/fr\/ebc-agenda\/\" target=\"_self\" data-type=\"url\"  >\n\n    \n        <span class=\"button-atom__text\">Voir l'agenda du CBE<\/span>\n\n        \n        \n                <\/a>\n\n    \n\n\n<\/div>\n<\/div>\n<\/div><div class=\"bde-column-620-206 bde-column\">\n  \n  \n\t\n\n\n\n<div class=\"bde-div-620-210 bde-div\">\n  \n  \n\t\n\n\n\n<h3 class=\"bde-dual-heading-620-211 bde-dual-heading\">\n\n\n            <span data-style=\"secondary\" class=\"dual-heading--secondary\">L'investissement<\/span>\n\n\n\n<\/h3><div class=\"bde-rich-text-620-236 bde-rich-text breakdance-rich-text-styles\">\n<p>\u00cates-vous pr\u00eat \u00e0 faire entrer votre entreprise dans le ring ?<br \/>C'est ce que propose EBC :<\/p>\n<\/div><div class=\"bde-div-620-229 bde-div\">\n  \n  \n\t\n\n\n\n<div class=\"bde-div-620-233 bde-div\">\n  \n  \n\t\n\n\n\n<div class=\"bde-icon-620-234 bde-icon\">\n\n    \n            <div class=\"bde-icon-icon breakdance-icon-atom\" >\n    \n                    <svg xmlns=\"http:\/\/www.w3.org\/2000\/svg\" viewbox=\"0 0 640 640\"><!--!Font Awesome Free 7.2.0 by @fontawesome - https:\/\/fontawesome.com License - https:\/\/fontawesome.com\/license\/free Copyright 2026 Fonticons, Inc.--><path d=\"M512 128L128.2 128C104.6 128 85.5 147.1 85.5 170.7L85.5 234.6L128.2 234.6L128.2 170.7L512 170.7L512 469.3L362.8 469.3L362.8 512L512.2 512C535.8 512 554.9 492.9 554.9 469.3L554.9 170.7C554.9 147.1 535.6 128 512 128zM85.5 447.6L85.5 511.5L149.4 511.5C149.4 476.2 120.8 447.6 85.5 447.6zM85.5 362.6L85.5 405C144.4 405 192.1 453.1 192.1 512L234.8 512C234.9 429.6 167.9 362.7 85.5 362.6zM277.6 512L320.3 512C319.8 382.5 215 277.7 85.5 277.4L85.5 319.8C191.5 319.6 277.5 406 277.6 512z\"\/><\/svg>\n        \n        \n        \n            <\/div>\n    \n\n\n<\/div><div class=\"bde-rich-text-620-235 bde-rich-text breakdance-rich-text-styles\">\n<p><strong>Exposition de masse :<\/strong> Jouw LOGO op de LED-walls tijdens wereldwijde live uitzendingen van Enfusion en 8TKO. Daarnaast zetten we je op de kaart met een prominente VERMELDING op onze website inclusief backlink, bedrijfsvideo en LinkedIn-koppeling. Zo boosten wij niet alleen je netwerk, maar ook je online vindbaarheid.<\/p>\n<\/div>\n<\/div><div class=\"bde-div-620-237 bde-div\">\n  \n  \n\t\n\n\n\n<div class=\"bde-icon-620-240 bde-icon\">\n\n    \n            <div class=\"bde-icon-icon breakdance-icon-atom\" >\n    \n                    <svg xmlns=\"http:\/\/www.w3.org\/2000\/svg\" viewbox=\"0 0 640 640\"><!--!Font Awesome Free 7.2.0 by @fontawesome - https:\/\/fontawesome.com License - https:\/\/fontawesome.com\/license\/free Copyright 2026 Fonticons, Inc.--><path d=\"M424 64C437.3 64 448 74.7 448 88L448 128L480 128C515.3 128 544 156.7 544 192L544 480C544 515.3 515.3 544 480 544L160 544C124.7 544 96 515.3 96 480L96 192C96 156.7 124.7 128 160 128L192 128L192 88C192 74.7 202.7 64 216 64C229.3 64 240 74.7 240 88L240 128L400 128L400 88C400 74.7 410.7 64 424 64zM160 176C151.2 176 144 183.2 144 192L144 480C144 488.8 151.2 496 160 496L480 496C488.8 496 496 488.8 496 480L496 192C496 183.2 488.8 176 480 176L160 176zM390.7 241.9C398.5 231.2 413.5 228.8 424.2 236.6C434.9 244.4 437.3 259.4 429.5 270.1L307.4 438.1C303.3 443.8 296.9 447.4 289.9 447.9C282.9 448.4 276 445.9 271.1 441L215.2 385.1C205.8 375.7 205.8 360.5 215.2 351.2C224.6 341.9 239.8 341.8 249.1 351.2L285.1 387.2L390.7 242z\"\/><\/svg>\n        \n        \n        \n            <\/div>\n    \n\n\n<\/div><div class=\"bde-rich-text-620-239 bde-rich-text breakdance-rich-text-styles\">\n<p><strong>Exp\u00e9rience VIP :<\/strong> Annuel GRATUIT 2 billets VIP exclusifs + 2 billets ordinaires pour un \u00e9v\u00e9nement EBC de votre choix.<\/p>\n<\/div>\n<\/div><div class=\"bde-div-620-241 bde-div\">\n  \n  \n\t\n\n\n\n<div class=\"bde-icon-620-244 bde-icon\">\n\n    \n            <div class=\"bde-icon-icon breakdance-icon-atom\" >\n    \n                    <svg xmlns=\"http:\/\/www.w3.org\/2000\/svg\" viewbox=\"0 0 640 640\"><!--!Font Awesome Free 7.2.0 by @fontawesome - https:\/\/fontawesome.com License - https:\/\/fontawesome.com\/license\/free Copyright 2026 Fonticons, Inc.--><path d=\"M433.2 103.1L581.4 253.4C609.1 281.5 609.1 326.5 581.4 354.6L425 512.9C415.7 522.3 400.5 522.4 391.1 513.1C381.7 503.8 381.6 488.6 390.9 479.2L547.3 320.8C556.5 311.5 556.5 296.4 547.3 287.1L399 136.9C389.7 127.5 389.8 112.3 399.2 103C408.6 93.7 423.8 93.8 433.1 103.2zM64.1 293.5L64.1 160C64.1 124.7 92.8 96 128.1 96L261.6 96C278.6 96 294.9 102.7 306.9 114.7L450.9 258.7C475.9 283.7 475.9 324.2 450.9 349.2L317.4 482.7C292.4 507.7 251.9 507.7 226.9 482.7L82.9 338.7C70.9 326.7 64.2 310.4 64.2 293.4zM208.1 208C208.1 190.3 193.8 176 176.1 176C158.4 176 144.1 190.3 144.1 208C144.1 225.7 158.4 240 176.1 240C193.8 240 208.1 225.7 208.1 208z\"\/><\/svg>\n        \n        \n        \n            <\/div>\n    \n\n\n<\/div><div class=\"bde-rich-text-620-243 bde-rich-text breakdance-rich-text-styles\">\n<p><strong>KORTING sur l'exposition suppl\u00e9mentaire (Ring) :<\/strong> Wij bieden EBC-leden 20% KORTING op bijvoorbeeld deelname aan de podcast, logo op de mat, logo op hoekkussens of toblerones, clip in commercial break, speaker mentions, etc. Geniet ook van korting op VIP- en Entreekaarten van de EBC-Events<\/p>\n<\/div>\n<\/div><div class=\"bde-div-620-245 bde-div\">\n  \n  \n\t\n\n\n\n<div class=\"bde-icon-620-248 bde-icon\">\n\n    \n            <div class=\"bde-icon-icon breakdance-icon-atom\" >\n    \n                    <svg xmlns=\"http:\/\/www.w3.org\/2000\/svg\" viewbox=\"0 0 640 640\"><!--!Font Awesome Free 7.2.0 by @fontawesome - https:\/\/fontawesome.com License - https:\/\/fontawesome.com\/license\/free Copyright 2026 Fonticons, Inc.--><path d=\"M119.9 75.5C108.6 68.6 93.8 72.3 86.9 83.6C62.1 124.6 47.9 172.7 47.9 224C47.9 275.3 62.1 323.4 86.9 364.4C93.8 375.7 108.5 379.4 119.9 372.5C131.3 365.6 134.9 350.9 128 339.5C107.7 305.9 96 266.3 96 224C96 181.7 107.7 142.1 128.1 108.4C135 97.1 131.3 82.3 120 75.4zM520 75.5C508.7 82.4 505 97.1 511.9 108.5C532.3 142.2 544 181.8 544 224.1C544 266.4 532.3 306 511.9 339.7C505 351 508.7 365.8 520 372.7C531.3 379.6 546.1 375.9 553 364.6C577.8 323.6 592 275.5 592 224.2C592 172.9 577.8 124.6 553 83.6C546.1 72.3 531.4 68.6 520 75.5zM352 279.4C371.1 268.3 384 247.7 384 224C384 188.7 355.3 160 320 160C284.7 160 256 188.7 256 224C256 247.7 268.9 268.4 288 279.4L288 544C288 561.7 302.3 576 320 576C337.7 576 352 561.7 352 544L352 279.4zM212.2 155C219.4 143.8 216.1 129 205 121.8C193.9 114.6 179 117.9 171.8 129C154.2 156.4 144 189 144 224C144 259 154.2 291.6 171.8 319C179 330.2 193.8 333.4 205 326.2C216.2 319 219.4 304.2 212.2 293C199.4 273.1 192 249.4 192 224C192 198.6 199.4 174.9 212.2 155zM468.2 129C461 117.8 446.2 114.6 435 121.8C423.8 129 420.6 143.8 427.8 155C440.6 174.9 448 198.6 448 224C448 249.4 440.6 273.1 427.8 293C420.6 304.2 423.9 319 435 326.2C446.1 333.4 461 330.1 468.2 319C485.8 291.6 496 259 496 224C496 189 485.8 156.4 468.2 129z\"\/><\/svg>\n        \n        \n        \n            <\/div>\n    \n\n\n<\/div><div class=\"bde-rich-text-620-247 bde-rich-text breakdance-rich-text-styles\">\n<p><strong>Partage des connaissances :<\/strong> Des CLINIQUES exclusifs avec des pairs et des athl\u00e8tes de haut niveau et la possibilit\u00e9 de pr\u00e9senter votre expertise.<\/p>\n<\/div>\n<\/div>\n<\/div><div class=\"bde-rich-text-620-212 bde-rich-text breakdance-rich-text-styles\">\n<p><strong>L'ENQU\u00caTE :<\/strong><br \/><strong>Annuel :<\/strong> 1 000 \u20ac (hors TVA). Les premiers arriv\u00e9s b\u00e9n\u00e9ficient TOUJOURS de ce tarif !<\/p>\n<\/div>\n<\/div><div class=\"bde-div-620-225 bde-div\">\n  \n  \n\t\n\n\n\n<div class=\"bde-rich-text-620-227 bde-rich-text breakdance-rich-text-styles\">\n<p style=\"text-align: center;\">\u00cates-vous pr\u00eat pour le prochain tour ?<br \/>Le club d'affaires Enfusion s'adresse aux enthousiastes qui veulent grandir, aux entrepreneurs qui veulent dominer et aux vainqueurs qui osent s'emparer du ring.<br \/><br \/><\/p>\n<\/div><div class=\"bde-button-620-228 bde-button\">\n    \n                                    \n    \n    \n    \n    \n            \n                    \n            \n            \n\n    \n    \n    \n    \n    \n    <a class=\"breakdance-link button-atom button-atom--primary bde-button__button\" href=\"https:\/\/enfusionbusinessclub.com\/fr\/contact-us\/\" target=\"_self\" data-type=\"url\"  >\n\n    \n        <span class=\"button-atom__text\"> S'inscrire ici<\/span>\n\n        \n        \n                <\/a>\n\n    \n\n\n<\/div>\n<\/div>\n<\/div><\/div><\/div>\n<\/section>","protected":false},"excerpt":{"rendered":"<p>EBC Tarieven Ben je klaar om jouw business naar de &#8216;ringside&#8217; te brengen?Dit is niet zomaar een netwerkclub; het is een uniek platform voor ondernemers die exposure willen combineren met topsportbeleving en VIP-gastvrijheid.Als EBC-lid zit je letterlijk op de eerste rang bij grote shows en word je onderdeel van een krachtig netwerk. Waarom Exposure (Eternal [&hellip;]<\/p>\n","protected":false},"author":2,"featured_media":0,"parent":0,"menu_order":0,"comment_status":"closed","ping_status":"closed","template":"","meta":{"_acf_changed":false,"_breakdance_hide_in_design_set":false,"_breakdance_tags":"","footnotes":""},"class_list":["post-620","page","type-page","status-publish","hentry"],"acf":[],"_links":{"self":[{"href":"https:\/\/enfusionbusinessclub.com\/fr\/wp-json\/wp\/v2\/pages\/620","targetHints":{"allow":["GET"]}}],"collection":[{"href":"https:\/\/enfusionbusinessclub.com\/fr\/wp-json\/wp\/v2\/pages"}],"about":[{"href":"https:\/\/enfusionbusinessclub.com\/fr\/wp-json\/wp\/v2\/types\/page"}],"author":[{"embeddable":true,"href":"https:\/\/enfusionbusinessclub.com\/fr\/wp-json\/wp\/v2\/users\/2"}],"replies":[{"embeddable":true,"href":"https:\/\/enfusionbusinessclub.com\/fr\/wp-json\/wp\/v2\/comments?post=620"}],"version-history":[{"count":49,"href":"https:\/\/enfusionbusinessclub.com\/fr\/wp-json\/wp\/v2\/pages\/620\/revisions"}],"predecessor-version":[{"id":991,"href":"https:\/\/enfusionbusinessclub.com\/fr\/wp-json\/wp\/v2\/pages\/620\/revisions\/991"}],"wp:attachment":[{"href":"https:\/\/enfusionbusinessclub.com\/fr\/wp-json\/wp\/v2\/media?parent=620"}],"curies":[{"name":"wp","href":"https:\/\/api.w.org\/{rel}","templated":true}]}}