{"id":802,"date":"2026-02-20T12:43:29","date_gmt":"2026-02-20T12:43:29","guid":{"rendered":"https:\/\/enfusionbusinessclub.com\/?page_id=802"},"modified":"2026-02-20T12:57:35","modified_gmt":"2026-02-20T12:57:35","slug":"de-ebc-masterclass","status":"publish","type":"page","link":"https:\/\/enfusionbusinessclub.com\/fr\/de-ebc-masterclass\/","title":{"rendered":"De EBC Masterclass"},"content":{"rendered":"<section class=\"bde-section-802-100 bde-section\">\n  \n  \n\t\n\n\n\n<div class=\"section-container\"><\/div>\n<\/section><section class=\"bde-section-802-101 bde-section\">\n  \n  \n\t\n\n\n\n<div class=\"section-container\"><div class=\"bde-columns-802-102 bde-columns\"><div class=\"bde-column-802-103 bde-column\">\n  \n  \n\t\n\n\n\n<div class=\"bde-text-802-107 bde-text\">\nLe calendrier 2026 est ouvert. Elnur Gadimov, membre de l'EBC et kickboxeur professionnel, ouvrira les portes de sa salle de sport, Team Champ \u00e0 Uithoorn, pour une exp\u00e9rience exclusive 'Inside the Ring'.<br>C'est l'occasion d'apprendre aupr\u00e8s d'un professionnel et de d\u00e9couvrir les coulisses d'Enfusion.<br>Plus que de la formation : rencontrez les experts de Fairtex<br>Cet \u00e9v\u00e9nement ne concerne pas seulement le sport, mais aussi les puissants partenaires de notre r\u00e9seau. Nous sommes fiers d'annoncer que Fairtex sera pr\u00e9sent au Team Champ :<br>- Fairtex : l'autorit\u00e9 mondiale en mati\u00e8re d'\u00e9quipement pour les arts martiaux. Ils seront pr\u00e9sents pour rencontrer les membres, r\u00e9pondre aux questions sur leur marque et pr\u00e9senter les \u00e9quipements les plus r\u00e9cents. Une occasion unique d'obtenir des conseils directs de la part de sp\u00e9cialistes.\n<\/div>\n<\/div><div class=\"bde-column-802-104 bde-column\">\n  \n  \n\t\n\n\n\n<h4 class=\"bde-heading-802-109 bde-heading\">\nPoints forts du programme\n<\/h4><div class=\"bde-rich-text-802-108 bde-rich-text breakdance-rich-text-styles\">\n<p><strong>1. Les coulisses (20 min) :<\/strong><br \/>Elnur explique de mani\u00e8re interactive la strat\u00e9gie qui sous-tend cette technique. Pourquoi ce coup de pied en particulier ? Quelle est la tactique derri\u00e8re un round ? Apr\u00e8s cette s\u00e9ance, vous ne regarderez plus jamais un \u00e9v\u00e9nement Enfusion de la m\u00eame fa\u00e7on.<\/p><p>.<br \/><strong>2. Commencer par soi-m\u00eame : Masterclass Punchbag (45 min) :<\/strong><br \/>Il est temps de mettre les gants. Sous la direction d'Elnur, vous d\u00e9couvrirez la puissance du sac de frappe. Pas de contact, mais de l'adr\u00e9naline ! Convient \u00e0 tous les niveaux.<\/p><p><br \/><strong>3. Cl\u00f4ture et mise en r\u00e9seau (25 min) :<\/strong><br \/>L'occasion id\u00e9ale de rencontrer Elnur et l'\u00e9quipe de Fairtex. Visitez le Team Champ et nouez de nouveaux contacts pr\u00e9cieux au sein de la communaut\u00e9 EBC.<\/p>\n<\/div>\n<\/div><div class=\"bde-column-802-105 bde-column\">\n  \n  \n\t\n\n\n\n<h4 class=\"bde-heading-802-112 bde-heading\">\nVous pouvez vous inscrire ici\n<\/h4><div class=\"bde-rich-text-802-111 bde-rich-text breakdance-rich-text-styles\">\n<p>Lieu Partenaire d'accueil Acc\u00e8s<br \/>Team Champ, Uithoorn Elnur Gadimov Fairtex Exclusivit\u00e9 pour les membres EBC<\/p>\n<\/div>\n<\/div><\/div><\/div>\n<\/section>","protected":false},"excerpt":{"rendered":"<p>De agenda van 2026 is geopend. EBC-lid en professioneel kickbokser Elnur Gadimov opent de deuren van zijn gym, Team Champ in Uithoorn, voor een exclusieve &#8216;Inside the Ring&#8217; experience.Dit is jouw kans om te leren van een pro en de wereld achter de schermen van Enfusion te ontdekken.Meer dan training: Ontmoet de Experts van FairtexTijdens [&hellip;]<\/p>\n","protected":false},"author":2,"featured_media":0,"parent":0,"menu_order":0,"comment_status":"closed","ping_status":"closed","template":"","meta":{"_acf_changed":false,"_breakdance_hide_in_design_set":false,"_breakdance_tags":"","footnotes":""},"class_list":["post-802","page","type-page","status-publish","hentry"],"acf":[],"_links":{"self":[{"href":"https:\/\/enfusionbusinessclub.com\/fr\/wp-json\/wp\/v2\/pages\/802","targetHints":{"allow":["GET"]}}],"collection":[{"href":"https:\/\/enfusionbusinessclub.com\/fr\/wp-json\/wp\/v2\/pages"}],"about":[{"href":"https:\/\/enfusionbusinessclub.com\/fr\/wp-json\/wp\/v2\/types\/page"}],"author":[{"embeddable":true,"href":"https:\/\/enfusionbusinessclub.com\/fr\/wp-json\/wp\/v2\/users\/2"}],"replies":[{"embeddable":true,"href":"https:\/\/enfusionbusinessclub.com\/fr\/wp-json\/wp\/v2\/comments?post=802"}],"version-history":[{"count":2,"href":"https:\/\/enfusionbusinessclub.com\/fr\/wp-json\/wp\/v2\/pages\/802\/revisions"}],"predecessor-version":[{"id":807,"href":"https:\/\/enfusionbusinessclub.com\/fr\/wp-json\/wp\/v2\/pages\/802\/revisions\/807"}],"wp:attachment":[{"href":"https:\/\/enfusionbusinessclub.com\/fr\/wp-json\/wp\/v2\/media?parent=802"}],"curies":[{"name":"wp","href":"https:\/\/api.w.org\/{rel}","templated":true}]}}